{"id":1395941,"date":"2021-09-24T15:24:33","date_gmt":"2021-09-24T13:24:33","guid":{"rendered":"https:\/\/sosve.lu\/shop\/uncategorized\/leon-le-petit-cameleon\/"},"modified":"2023-01-24T14:55:24","modified_gmt":"2023-01-24T13:55:24","slug":"book-leon-le-petit-cameleon","status":"publish","type":"product","link":"https:\/\/sosve.h2a.lu\/en\/shop\/books\/book-leon-le-petit-cameleon\/","title":{"rendered":"Book &#8211; L\u00e9on, le petit cam\u00e9l\u00e9on"},"content":{"rendered":"","protected":false},"excerpt":{"rendered":"<p><strong>L\u00e9on, a little chameleon living in a remote tropical forest, was about to spend yet another day feeding his gluttonous stomach, but an encounter with a very special character will lead him to an extraordinary adventure!<\/strong><\/p>\n<p>In the continuation of its solidarity activities, SO Graphiste has followed up on L\u00e9on&#8217;s adventures and, this time, SOS Children&#8217;s Villages Monde will be the happy beneficiary. The proceeds from the sales of this children&#8217;s book will go back to the children and programmes we support in over 107 countries.<\/p>\n<p>Version: French<br \/>\nDimensions : 21 cm x 21 cm<br \/>\nComposition : 300 gr recycled paper<br \/>\n36 pages<\/p>\n<p><strong>\u00a9 So Graphiste<\/strong><\/p>\n","protected":false},"featured_media":0,"template":"","meta":{"inline_featured_image":false},"product_cat":[587],"product_tag":[],"acf":[],"yoast_head":"<!-- This site is optimized with the Yoast SEO plugin v21.5 - https:\/\/yoast.com\/wordpress\/plugins\/seo\/ -->\n<title>Book - L\u00e9on, le petit cam\u00e9l\u00e9on - SOS Villages d\u2019Enfants Monde<\/title>\n<meta name=\"robots\" content=\"index, follow, max-snippet:-1, max-image-preview:large, max-video-preview:-1\" \/>\n<link rel=\"canonical\" href=\"https:\/\/sosve.h2a.lu\/en\/shop\/books\/book-leon-le-petit-cameleon\/\" \/>\n<meta property=\"og:locale\" content=\"en_US\" \/>\n<meta property=\"og:type\" content=\"article\" \/>\n<meta property=\"og:title\" content=\"Book - L\u00e9on, le petit cam\u00e9l\u00e9on - SOS Villages d\u2019Enfants Monde\" \/>\n<meta property=\"og:description\" content=\"L\u00e9on, a little chameleon living in a remote tropical forest, was about to spend yet another day feeding his gluttonous stomach, but an encounter with a very special character will lead him to an extraordinary adventure!  In the continuation of its solidarity activities, SO Graphiste has followed up on L\u00e9on&#039;s adventures and, this time, SOS Children&#039;s Villages Monde will be the happy beneficiary. The proceeds from the sales of this children&#039;s book will go back to the children and programmes we support in over 107 countries.  Version: French Dimensions : 21 cm x 21 cm Composition : 300 gr recycled paper 36 pages  \u00a9 So Graphiste\" \/>\n<meta property=\"og:url\" content=\"https:\/\/sosve.h2a.lu\/en\/shop\/books\/book-leon-le-petit-cameleon\/\" \/>\n<meta property=\"og:site_name\" content=\"SOS Villages d\u2019Enfants Monde\" \/>\n<meta property=\"article:publisher\" content=\"https:\/\/www.facebook.com\/sosvemlux\/\" \/>\n<meta property=\"article:modified_time\" content=\"2023-01-24T13:55:24+00:00\" \/>\n<meta property=\"og:image\" content=\"https:\/\/sosve.h2a.lu\/wp-content\/uploads\/2021\/09\/Livre-FR_leon_cover.jpg\" \/>\n\t<meta property=\"og:image:width\" content=\"1200\" \/>\n\t<meta property=\"og:image:height\" content=\"1200\" \/>\n\t<meta property=\"og:image:type\" content=\"image\/jpeg\" \/>\n<meta name=\"twitter:card\" content=\"summary_large_image\" \/>\n<script type=\"application\/ld+json\" class=\"yoast-schema-graph\">{\"@context\":\"https:\/\/schema.org\",\"@graph\":[{\"@type\":\"WebPage\",\"@id\":\"https:\/\/sosve.h2a.lu\/en\/shop\/books\/book-leon-le-petit-cameleon\/\",\"url\":\"https:\/\/sosve.h2a.lu\/en\/shop\/books\/book-leon-le-petit-cameleon\/\",\"name\":\"Book - L\u00e9on, le petit cam\u00e9l\u00e9on - SOS Villages d\u2019Enfants Monde\",\"isPartOf\":{\"@id\":\"https:\/\/sosve.h2a.lu\/#website\"},\"datePublished\":\"2021-09-24T13:24:33+00:00\",\"dateModified\":\"2023-01-24T13:55:24+00:00\",\"inLanguage\":\"en-US\",\"potentialAction\":[{\"@type\":\"ReadAction\",\"target\":[\"https:\/\/sosve.h2a.lu\/en\/shop\/books\/book-leon-le-petit-cameleon\/\"]}]},{\"@type\":\"WebSite\",\"@id\":\"https:\/\/sosve.h2a.lu\/#website\",\"url\":\"https:\/\/sosve.h2a.lu\/\",\"name\":\"SOS Villages d\u2019Enfants Monde\",\"description\":\"Soutenez SOSVE par un Don\u200e\",\"publisher\":{\"@id\":\"https:\/\/sosve.h2a.lu\/#organization\"},\"potentialAction\":[{\"@type\":\"SearchAction\",\"target\":{\"@type\":\"EntryPoint\",\"urlTemplate\":\"https:\/\/sosve.h2a.lu\/?s={search_term_string}\"},\"query-input\":\"required name=search_term_string\"}],\"inLanguage\":\"en-US\"},{\"@type\":\"Organization\",\"@id\":\"https:\/\/sosve.h2a.lu\/#organization\",\"name\":\"SOS Villages d'Enfants Luxembourg\",\"url\":\"https:\/\/sosve.h2a.lu\/\",\"logo\":{\"@type\":\"ImageObject\",\"inLanguage\":\"en-US\",\"@id\":\"https:\/\/sosve.h2a.lu\/#\/schema\/logo\/image\/\",\"url\":\"https:\/\/sosve.lu\/wp-content\/uploads\/2020\/04\/SOS_Logo.svg\",\"contentUrl\":\"https:\/\/sosve.lu\/wp-content\/uploads\/2020\/04\/SOS_Logo.svg\",\"width\":\"1024\",\"height\":\"1024\",\"caption\":\"SOS Villages d'Enfants Luxembourg\"},\"image\":{\"@id\":\"https:\/\/sosve.h2a.lu\/#\/schema\/logo\/image\/\"},\"sameAs\":[\"https:\/\/www.facebook.com\/sosvemlux\/\",\"https:\/\/www.instagram.com\/sosvillagesdenfantsmonde\/\",\"https:\/\/lu.linkedin.com\/in\/sosvem\"]}]}<\/script>\n<!-- \/ Yoast SEO plugin. -->","yoast_head_json":{"title":"Book - L\u00e9on, le petit cam\u00e9l\u00e9on - SOS Villages d\u2019Enfants Monde","robots":{"index":"index","follow":"follow","max-snippet":"max-snippet:-1","max-image-preview":"max-image-preview:large","max-video-preview":"max-video-preview:-1"},"canonical":"https:\/\/sosve.h2a.lu\/en\/shop\/books\/book-leon-le-petit-cameleon\/","og_locale":"en_US","og_type":"article","og_title":"Book - L\u00e9on, le petit cam\u00e9l\u00e9on - SOS Villages d\u2019Enfants Monde","og_description":"L\u00e9on, a little chameleon living in a remote tropical forest, was about to spend yet another day feeding his gluttonous stomach, but an encounter with a very special character will lead him to an extraordinary adventure!  In the continuation of its solidarity activities, SO Graphiste has followed up on L\u00e9on's adventures and, this time, SOS Children's Villages Monde will be the happy beneficiary. The proceeds from the sales of this children's book will go back to the children and programmes we support in over 107 countries.  Version: French Dimensions : 21 cm x 21 cm Composition : 300 gr recycled paper 36 pages  \u00a9 So Graphiste","og_url":"https:\/\/sosve.h2a.lu\/en\/shop\/books\/book-leon-le-petit-cameleon\/","og_site_name":"SOS Villages d\u2019Enfants Monde","article_publisher":"https:\/\/www.facebook.com\/sosvemlux\/","article_modified_time":"2023-01-24T13:55:24+00:00","og_image":[{"width":1200,"height":1200,"url":"https:\/\/sosve.h2a.lu\/wp-content\/uploads\/2021\/09\/Livre-FR_leon_cover.jpg","type":"image\/jpeg"}],"twitter_card":"summary_large_image","schema":{"@context":"https:\/\/schema.org","@graph":[{"@type":"WebPage","@id":"https:\/\/sosve.h2a.lu\/en\/shop\/books\/book-leon-le-petit-cameleon\/","url":"https:\/\/sosve.h2a.lu\/en\/shop\/books\/book-leon-le-petit-cameleon\/","name":"Book - L\u00e9on, le petit cam\u00e9l\u00e9on - SOS Villages d\u2019Enfants Monde","isPartOf":{"@id":"https:\/\/sosve.h2a.lu\/#website"},"datePublished":"2021-09-24T13:24:33+00:00","dateModified":"2023-01-24T13:55:24+00:00","inLanguage":"en-US","potentialAction":[{"@type":"ReadAction","target":["https:\/\/sosve.h2a.lu\/en\/shop\/books\/book-leon-le-petit-cameleon\/"]}]},{"@type":"WebSite","@id":"https:\/\/sosve.h2a.lu\/#website","url":"https:\/\/sosve.h2a.lu\/","name":"SOS Villages d\u2019Enfants Monde","description":"Soutenez SOSVE par un Don\u200e","publisher":{"@id":"https:\/\/sosve.h2a.lu\/#organization"},"potentialAction":[{"@type":"SearchAction","target":{"@type":"EntryPoint","urlTemplate":"https:\/\/sosve.h2a.lu\/?s={search_term_string}"},"query-input":"required name=search_term_string"}],"inLanguage":"en-US"},{"@type":"Organization","@id":"https:\/\/sosve.h2a.lu\/#organization","name":"SOS Villages d'Enfants Luxembourg","url":"https:\/\/sosve.h2a.lu\/","logo":{"@type":"ImageObject","inLanguage":"en-US","@id":"https:\/\/sosve.h2a.lu\/#\/schema\/logo\/image\/","url":"https:\/\/sosve.lu\/wp-content\/uploads\/2020\/04\/SOS_Logo.svg","contentUrl":"https:\/\/sosve.lu\/wp-content\/uploads\/2020\/04\/SOS_Logo.svg","width":"1024","height":"1024","caption":"SOS Villages d'Enfants Luxembourg"},"image":{"@id":"https:\/\/sosve.h2a.lu\/#\/schema\/logo\/image\/"},"sameAs":["https:\/\/www.facebook.com\/sosvemlux\/","https:\/\/www.instagram.com\/sosvillagesdenfantsmonde\/","https:\/\/lu.linkedin.com\/in\/sosvem"]}]}},"_links":{"self":[{"href":"https:\/\/sosve.h2a.lu\/en\/wp-json\/wp\/v2\/product\/1395941"}],"collection":[{"href":"https:\/\/sosve.h2a.lu\/en\/wp-json\/wp\/v2\/product"}],"about":[{"href":"https:\/\/sosve.h2a.lu\/en\/wp-json\/wp\/v2\/types\/product"}],"wp:attachment":[{"href":"https:\/\/sosve.h2a.lu\/en\/wp-json\/wp\/v2\/media?parent=1395941"}],"wp:term":[{"taxonomy":"product_cat","embeddable":true,"href":"https:\/\/sosve.h2a.lu\/en\/wp-json\/wp\/v2\/product_cat?post=1395941"},{"taxonomy":"product_tag","embeddable":true,"href":"https:\/\/sosve.h2a.lu\/en\/wp-json\/wp\/v2\/product_tag?post=1395941"}],"curies":[{"name":"wp","href":"https:\/\/api.w.org\/{rel}","templated":true}]}}